{"id":22,"date":"2015-05-12T18:28:50","date_gmt":"2015-05-12T18:28:50","guid":{"rendered":"https:\/\/www.genesisarg.com\/?page_id=22"},"modified":"2024-07-01T14:54:02","modified_gmt":"2024-07-01T14:54:02","slug":"quienes-somos","status":"publish","type":"page","link":"https:\/\/www.genesisarg.com\/en\/nosotros\/quienes-somos\/","title":{"rendered":"About Us"},"content":{"rendered":"<p><strong>GENESIS is an advisory team committed to its clients. We provide integral solutions in the areas of sustainability and climate change, sustainable finance and technological solutions<\/strong><\/p>\n<p>GENESIS was born in 2015 but its origins date back to 2003 when a group of specialists began to work on issues related to climate change and sustainability.<br \/>\nWe are a highly qualified and diversified group that provides flexible and customized solutions.<br \/>\nWe have broad experience in practically all industries, from multinationals to small companies. GENESIS has adapted solutions to suit the specific needs of its clients, independently of the size of the company, category in which they compete, or type of industry.<br \/>\nCall us today and we will discuss your specific needs and how we can work together to adapt solutions in order to achieve success.<\/p>\n<h3 style=\"text-transform: uppercase; padding-bottom: 20px; text-align: left;\"><strong>Genesis Directors:<\/strong><\/h3>\n<div class=\"col-md-4\"><a href=\"https:\/\/www.genesisarg.com\/wp-content\/uploads\/2015\/05\/alejandra.jpg\"><br \/>\n<img loading=\"lazy\" decoding=\"async\" class=\"alignleft size-thumbnails wp-image-1560\" style=\"margin: -15px 0; border-radius: 5px;\" src=\"https:\/\/www.genesisarg.com\/wp-content\/uploads\/2015\/05\/alejandra.jpg\" alt=\"alejandra\" width=\"306\" height=\"333\" \/><\/a><\/p>\n<h4 style=\"text-transform: uppercase; padding-top: 20px;\">MG. ALEJANDRA C\u00c1MARA<\/h4>\n<\/div>\n<div class=\"col-md-8\">\n<p>Alejandra is Founder and Director of GENESIS. She is also an advisor to the Buenos Aires Stock Exchange and the Secretary of Environment in Argentina in sustainable finance. Consultant of United Nations (UNIDO and UNEP) and of several Ministries in Uruguay. She has recently advised the Argentinean presidency in the Climate Sustainability Working Group of G20. She has over 17 years of international experience in environmental markets (carbon credit markets and more recently green bond markets). She worked for more than a decade at BUNGE SA, serving as Originator of Sustainable Projects and as Head of International Climate Change policies reporting to the company&#8217;s board of directors in New York. She was also director in London for the most renowned Private Think Tank of Climate Change: Climate Change Capital. She has participated in the development of more than 250 environmental and social projects. Alejandra has been a speaker at several international conferences and has two bachelor&#8217;s degrees and an MBA in Finance from the University of Texas.<\/p>\n<\/div>\n<div class=\"col-md-8\" style=\"text-align: right; padding-bottom: 70px;\">Roberto is Director of GENESIS, a senior executive with more than 27 years of experience in executive positions such as Executive Director, General Manager, Fuels and Environmental Manager, among others. Main areas of expertise: energy generation, environment and testing, inspection and certification. In charge of T\u00dcV S\u00dcD Argentina, subsidiary in South America of the German group T\u00dcV-S\u00dcD Group, www.tuv-sud.com Strong management skills and project implementation. Extensive practical experience in technical inspection of refineries and power plants construction and commissioning. Design and leadership of the Environmental Management Plans, their control of compliance and report to the Administration and private interested parties. Technical expert qualification for T\u00dcV-S\u00dcD Industry Service GmbH, &#8220;Climate and energy&#8221; in technical areas 1.1_4.10 Thermal energy generation and 13.1 Waste management and disposal for CDM, GS and VER + projects. Technical experience in cogeneration, combined cycles and landfill projects in Brazil, Cuba, Peru and Uruguay. Roberto is also professor at the University of La Plata<\/div>\n<div class=\"col-md-4\">\n<p><a href=\"https:\/\/www.genesisarg.com\/wp-content\/uploads\/2015\/05\/alejandro.jpg\"><img loading=\"lazy\" decoding=\"async\" class=\"alignright size-full wp-image-1565\" style=\"margin: 7px 0; border-radius: 5px;\" src=\"https:\/\/www.genesisarg.com\/wp-content\/uploads\/2015\/05\/alejandro.jpg\" alt=\"alejandro\" width=\"306\" height=\"333\" \/><\/a><\/p>\n<h4 style=\"text-transform: uppercase; padding-top: 0px;\">ING. ROBERTO BEDUCCI<\/h4>\n<\/div>\n<p><\/p>","protected":false},"excerpt":{"rendered":"<p>GENESIS is an advisory team committed to its clients. We provide integral solutions in the areas of sustainability and climate change, sustainable finance and technological solutions GENESIS was born in 2015 but its origins date back to 2003 when a group of specialists began to work on issues related to climate change and sustainability. We [&hellip;]<\/p>\n","protected":false},"author":1,"featured_media":1624,"parent":7,"menu_order":7,"comment_status":"open","ping_status":"open","template":"","meta":{"footnotes":""},"_links":{"self":[{"href":"https:\/\/www.genesisarg.com\/en\/wp-json\/wp\/v2\/pages\/22"}],"collection":[{"href":"https:\/\/www.genesisarg.com\/en\/wp-json\/wp\/v2\/pages"}],"about":[{"href":"https:\/\/www.genesisarg.com\/en\/wp-json\/wp\/v2\/types\/page"}],"author":[{"embeddable":true,"href":"https:\/\/www.genesisarg.com\/en\/wp-json\/wp\/v2\/users\/1"}],"replies":[{"embeddable":true,"href":"https:\/\/www.genesisarg.com\/en\/wp-json\/wp\/v2\/comments?post=22"}],"version-history":[{"count":1,"href":"https:\/\/www.genesisarg.com\/en\/wp-json\/wp\/v2\/pages\/22\/revisions"}],"predecessor-version":[{"id":2955,"href":"https:\/\/www.genesisarg.com\/en\/wp-json\/wp\/v2\/pages\/22\/revisions\/2955"}],"up":[{"embeddable":true,"href":"https:\/\/www.genesisarg.com\/en\/wp-json\/wp\/v2\/pages\/7"}],"wp:featuredmedia":[{"embeddable":true,"href":"https:\/\/www.genesisarg.com\/en\/wp-json\/wp\/v2\/media\/1624"}],"wp:attachment":[{"href":"https:\/\/www.genesisarg.com\/en\/wp-json\/wp\/v2\/media?parent=22"}],"curies":[{"name":"wp","href":"https:\/\/api.w.org\/{rel}","templated":true}]}}